{"id":19,"date":"2023-03-25T13:07:51","date_gmt":"2023-03-25T13:07:51","guid":{"rendered":"https:\/\/ostkurve-bayreuth.de\/?page_id=19"},"modified":"2026-04-01T12:39:00","modified_gmt":"2026-04-01T12:39:00","slug":"impressum","status":"publish","type":"page","link":"https:\/\/ostkurve-bayreuth.de\/?page_id=19","title":{"rendered":"Impressum"},"content":{"rendered":"\n<p><strong>Fanclub Ostkurve Bayreuth e.V.<\/strong><br>Gr\u00fcner Baum 5<br>95445 Bayreuth<br>E-Mail: kont&#97;&#107;&#116;&#64;&#111;&#x73;&#x74;&#x6b;&#x75;&#x72;&#x76;&#x65;-bay&#114;&#101;&#117;&#116;&#104;&#x2e;&#x64;&#x65;<\/p>\n\n\n\n<p>1. Vorsitzender: Marco Str\u00f6msd\u00f6rfer<\/p>\n\n\n\n<p>2. Vorsitzender: Patrick M\u00fcller<\/p>\n\n\n\n<p>Kassier:  Andreas Schott<\/p>\n\n\n\n<p>Schriftf\u00fchrerin: Sandra Ziegler<\/p>\n\n\n<div class=\"woocommerce woocommerce-gzd woocommerce-gzd-complaints-shortcode\">\n\t\t\t<h3>Alternative Streitbeilegung gem\u00e4\u00df Art. 14 Abs. 1 ODR-VO und \u00a7 36 VSBG:<\/h3>\n\t\nZur Teilnahme an einem Streitbeilegungsverfahren vor einer Verbraucherschlichtungsstelle sind wir nicht verpflichtet und nicht bereit.<\/div>","protected":false},"excerpt":{"rendered":"<p>Fanclub Ostkurve Bayreuth e.V.Gr\u00fcner Baum 595445 BayreuthE-Mail: k&#111;&#110;&#x74;&#x61;k&#116;&#64;&#x6f;&#x73;&#x74;k&#117;&#114;&#x76;&#x65;-b&#97;&#x79;&#x72;&#x65;u&#116;&#104;&#x2e;&#x64;e 1. Vorsitzender: Marco Str\u00f6msd\u00f6rfer 2. Vorsitzender: Patrick M\u00fcller Kassier: Andreas Schott Schriftf\u00fchrerin: Sandra Ziegler<\/p>\n","protected":false},"author":1,"featured_media":0,"parent":0,"menu_order":0,"comment_status":"closed","ping_status":"closed","template":"","meta":{"footnotes":""},"class_list":["post-19","page","type-page","status-publish","hentry","entry"],"jetpack_sharing_enabled":true,"_links":{"self":[{"href":"https:\/\/ostkurve-bayreuth.de\/index.php?rest_route=\/wp\/v2\/pages\/19","targetHints":{"allow":["GET"]}}],"collection":[{"href":"https:\/\/ostkurve-bayreuth.de\/index.php?rest_route=\/wp\/v2\/pages"}],"about":[{"href":"https:\/\/ostkurve-bayreuth.de\/index.php?rest_route=\/wp\/v2\/types\/page"}],"author":[{"embeddable":true,"href":"https:\/\/ostkurve-bayreuth.de\/index.php?rest_route=\/wp\/v2\/users\/1"}],"replies":[{"embeddable":true,"href":"https:\/\/ostkurve-bayreuth.de\/index.php?rest_route=%2Fwp%2Fv2%2Fcomments&post=19"}],"version-history":[{"count":5,"href":"https:\/\/ostkurve-bayreuth.de\/index.php?rest_route=\/wp\/v2\/pages\/19\/revisions"}],"predecessor-version":[{"id":403,"href":"https:\/\/ostkurve-bayreuth.de\/index.php?rest_route=\/wp\/v2\/pages\/19\/revisions\/403"}],"wp:attachment":[{"href":"https:\/\/ostkurve-bayreuth.de\/index.php?rest_route=%2Fwp%2Fv2%2Fmedia&parent=19"}],"curies":[{"name":"wp","href":"https:\/\/api.w.org\/{rel}","templated":true}]}}